{"id":490,"date":"2020-03-18T09:38:10","date_gmt":"2020-03-18T08:38:10","guid":{"rendered":"https:\/\/www.ddm3.com\/?page_id=490"},"modified":"2021-08-27T10:01:50","modified_gmt":"2021-08-27T08:01:50","slug":"noms-de-domaines","status":"publish","type":"page","link":"https:\/\/www.ddm3.com\/en\/noms-de-domaines\/","title":{"rendered":"Domain Names"},"content":{"rendered":"<!--themify_builder_content-->\n<div id=\"themify_builder_content-490\" data-postid=\"490\" class=\"themify_builder_content themify_builder_content-490 themify_builder tf_clear\">\n                    <div  data-anchor=\"contact\" data-css_id=\"qzjp660\" id=\"contact-2-2-2\" data-lazy=\"1\" class=\"module_row themify_builder_row fullwidth tb_has_section tb_section-contact tb_qzjp660 tb_first tf_w\">\n                        <div class=\"row_inner gutter-none col_align_top tb_col_count_1 tf_box tf_rel\">\n                        <div  data-lazy=\"1\" class=\"module_column tb-column col-full tb_4yvf661 first\">\n        <span class=\"tb_row_frame_wrap tf_overflow tf_abs\" data-lazy=\"1\"><span class=\"tb_row_frame tb_row_frame_right  tf_abs tf_hide tf_overflow tf_h\"><\/span><\/span>            <!-- module text -->\n<div  class=\"module module-text tb_6asz661  repeat\" data-lazy=\"1\">\n        <div  class=\"tb_text_wrap\">\n        <h2>DOMAIN NAMES<\/h2>    <\/div>\n<\/div>\n<!-- \/module text --><!-- module text -->\n<div  class=\"module module-text tb_i5aw661  repeat\" data-lazy=\"1\">\n        <div  class=\"tb_text_wrap\">\n        <h3>DOMAINS FOR SALE<\/h3>\n<ul>\n<li>\n<p>www.location-prapoutel.com<\/p>\n<\/li>\n<li>\n<p>www.location-aixlesbains-cure.com<\/p>\n<\/li>\n<li>\n<p>www.location-cure-aix-les-bains.com<\/p>\n<\/li>\n<li>\n<p>www.location-aixlesbains.com<\/p>\n<\/li>\n<li>\n<p>www.location-curiste.com<\/p>\n<\/li>\n<li>\n<p>www.appartement-aixlesbains.com<\/p>\n<\/li>\n<li>\n<p>www.location-appartement-aixlesbains.com<\/p>\n<\/li>\n<\/ul>\n<p>If you are interested in any of the above domain names, please contact me using the form below.<\/p>\n<p>I'll get back to you very soon with a price offer. The domains are all registered with OVH, the transfer is very fast. An invoice will be systematically established for each transaction.<\/p>\n<p>Yours sincerely.<\/p>\n<p>Andr\u00e9 Maszewski \/ DDM3<\/p>    <\/div>\n<\/div>\n<!-- \/module text --><!-- module contact -->\n<div  id=\"tb_a49m661\" class=\"module module-contact tb_a49m661 contact-animated-label\" data-lazy=\"1\">\n    \n\t<form class=\"builder-contact\"\n\t\tid=\"tb_a49m661-form\"\n\t\tmethod=\"post\"\n\t\tdata-post-id=\"490\"\n\t\tdata-element-id=\"a49m661\"\n\t\tdata-orig-id=\"490\" action=\"\"\n\t>\n    <div class=\"contact-message\"><\/div>\n\t<input type=\"hidden\" id=\"bc_nonce\" name=\"bc_nonce\" value=\"cb46b1aa7e\" \/><input type=\"hidden\" name=\"_wp_http_referer\" value=\"\/en\/wp-json\/wp\/v2\/pages\/490\" \/>\t<div class=\"builder-contact-fields tf_rel\">\n\t\t    \t\t    <div class=\"builder-contact-field builder-contact-field-name builder-contact-text-field\">\n\t\t\t    <label class=\"control-label\" for=\"tb_a49m661-contact-name\">\n\t\t\t\t\t\t\t\t\t\t<span class=\"tb-label-span\">Name and surname <\/span><span class=\"required\">*<\/span>\t\t\t\t<\/label>\n\t\t\t    <div class=\"control-input tf_rel\">\n\t\t\t\t    \t\t\t\t\t    <input type=\"text\" name=\"contact-name\" placeholder=\" \" id=\"tb_a49m661-contact-name\" value=\"\" class=\"form-control\" required>\n\t\t\t\t    \t\t\t\t    \t\t\t\t\t    <span class=\"tb_contact_label\">\n\t\t\t\t\t\t    <span class=\"tb-label-span\">Name and surname <\/span><span class=\"required\">*<\/span>\t\t\t\t\t    <\/span>\n\t\t\t\t    \t\t\t    <\/div>\n\t\t<\/div>\n\t    \n\t\t    \t\t    <div class=\"builder-contact-field builder-contact-field-email builder-contact-text-field\">\n\t\t\t    <label class=\"control-label\" for=\"tb_a49m661-contact-email\">\n\t\t\t\t\t\t\t\t\t\t<span class=\"tb-label-span\">your Email <\/span><span class=\"required\">*<\/span>\t\t\t\t<\/label>\n\t\t\t    <div class=\"control-input tf_rel\">\n\t\t\t\t    \t\t\t\t\t    <input type=\"email\" name=\"contact-email\" placeholder=\" \" id=\"tb_a49m661-contact-email\" value=\"\" class=\"form-control\" required>\n\t\t\t\t    \t\t\t\t    \t\t\t\t\t    <span class=\"tb_contact_label\">\n\t\t\t\t\t\t    <span class=\"tb-label-span\">your Email <\/span><span class=\"required\">*<\/span>\t\t\t\t\t    <\/span>\n\t\t\t\t    \t\t\t    <\/div>\n\t\t<\/div>\n\t    \n\t\t    \t\t    \t\t    <div class=\"builder-contact-field builder-contact-field-extra builder-contact-text-field\">\n\t\t\t\t\n\t\t\t\t<label class=\"control-label\" for=\"field_extra_tb_a49m661_0\">\n\t\t\t\t\t\n\t\t\t\t\tyour phone\t\t\t\t\t\t\t\t\t\t\t<input type=\"hidden\" name=\"field_extra_name_0\" value=\"votre t\u00e9l\u00e9phone\">\n\t\t\t\t\t\t\t\t\t\t\t<span class=\"required\">*<\/span>\n\t\t\t\t\t\t\t\t\t<\/label>\n\t\t\t\t<div class=\"control-input tf_rel\">\n\t\t\t\t\t\t\t\t\t\t\t<input type=\"text\" name=\"field_extra_0\" id=\"field_extra_tb_a49m661_0\" placeholder=\" \" class=\"form-control\" required>\n\t\t\t\t\t\n\t\t\t\t\t\t\t\t\t\t\t<span class=\"tb_contact_label\">\n\t\t\t\t\t\t\tyour phone\t\t\t\t\t\t\t\t<span class=\"required\">*<\/span>\n\t\t\t\t\t\t\t\t\t\t\t\t\t<\/span>\n\t\t\t\t\t\t\t\t\t<\/div>\n\t\t    <\/div>\n\t    \n\t\t    \t\t    \t\t    <div class=\"builder-contact-field builder-contact-field-extra builder-contact-textarea-field\">\n\t\t\t\t\n\t\t\t\t<label class=\"control-label\" for=\"field_extra_tb_a49m661_1\">\n\t\t\t\t\t\n\t\t\t\t\tENTER HERE THE DOMAIN NAME YOU ARE INTERESTED IN\t\t\t\t\t\t\t\t\t\t\t<input type=\"hidden\" name=\"field_extra_name_1\" value=\"INSCRIVEZ ICI LE NOM DE DOMAINE QUI VOUS INTERESSE\">\n\t\t\t\t\t\t\t\t\t\t\t<span class=\"required\">*<\/span>\n\t\t\t\t\t\t\t\t\t<\/label>\n\t\t\t\t<div class=\"control-input tf_rel\">\n\t\t\t\t\t\t\t\t\t\t\t<textarea name=\"field_extra_1\" id=\"field_extra_tb_a49m661_1\" placeholder=\" \" class=\"form-control\" required><\/textarea>\n\t\t\t\t\t\n\t\t\t\t\t\t\t\t\t\t\t<span class=\"tb_contact_label\">\n\t\t\t\t\t\t\tENTER HERE THE DOMAIN NAME YOU ARE INTERESTED IN\t\t\t\t\t\t\t\t<span class=\"required\">*<\/span>\n\t\t\t\t\t\t\t\t\t\t\t\t\t<\/span>\n\t\t\t\t\t\t\t\t\t<\/div>\n\t\t    <\/div>\n\t    \n\t\t    \t\t\n\t\t\n\t    \t\t\t<div class=\"builder-contact-field builder-contact-field-captcha\">\n\n\t\t\t\t\t\t\t\t\t<label class=\"control-label\">\n\t\t\t\t\t\t<span>Captcha<\/span>\n\t\t\t\t\t\t<span class=\"required\">*<\/span>\n\t\t\t\t\t<\/label>\n\t\t\t\t\n\t\t\t\t<div class=\"control-input tf_rel\">\n                    <div class=\"themify_captcha_field g-recaptcha\" data-sitekey=\"6LfhKrAZAAAAAPsv77OTMKuiTV-_WcWVvglzXjzW\" data-ver=\"v2\"><\/div>\t\t\t\t<\/div>\n\n\t\t\t<\/div><!-- .builder-contact-field-captcha -->\n\t    \n\t    <div class=\"builder-contact-field builder-contact-field-send control-input tf_textl tf_clear tf_rel\">\n\t\t\t<button type=\"submit\" class=\"btn btn-primary\">\n\t\t\t\t<span class=\"tf_loader\"><\/span>\t\t\t\t<span class=\"tf_submit_icon\"><\/span> \n\t\t\t\tSEND\t\t\t<\/button>\n\t    <\/div>\n\t<\/div>\n    <input type=\"hidden\" name=\"trp-form-language\" value=\"en\"\/><\/form>\n    <\/div>\n<!-- \/module contact -->\n        <\/div>\n                        <\/div>\n        <\/div>\n        <\/div>\n<!--\/themify_builder_content-->","protected":false},"excerpt":{"rendered":"<p>NOMS DE DOMAINES DOMAINES A VENDRE www.location-prapoutel.com www.location-aixlesbains-cure.com www.location-cure-aix-les-bains.com www.location-aixlesbains.com www.location-curiste.com www.appartement-aixlesbains.com www.location-appartement-aixlesbains.com Si un des noms de domaines ci-dessus vous int\u00e9resse, n&rsquo;h\u00e9sitez pas \u00e0 me contacter en utilisant le formulaire ci-dessous. Je reviendrais tr\u00e8s vite vers vous avec une offre de prix. Les domaines \u00e9tant tous d\u00e9pos\u00e9s chez OVH, le transfert est tr\u00e8s rapide. [&hellip;]<\/p>\n","protected":false},"author":1,"featured_media":0,"parent":0,"menu_order":0,"comment_status":"closed","ping_status":"closed","template":"","meta":{"_monsterinsights_skip_tracking":false,"_monsterinsights_sitenote_active":false,"_monsterinsights_sitenote_note":"","_monsterinsights_sitenote_category":0,"footnotes":""},"class_list":["post-490","page","type-page","status-publish","hentry","has-post-title","has-post-date","has-post-category","has-post-tag","has-post-comment","has-post-author",""],"yoast_head":"<!-- This site is optimized with the Yoast SEO plugin v27.4 - https:\/\/yoast.com\/product\/yoast-seo-wordpress\/ -->\n<title>Noms de domaines - DDM3<\/title>\n<meta name=\"robots\" content=\"index, follow, max-snippet:-1, max-image-preview:large, max-video-preview:-1\" \/>\n<link rel=\"canonical\" href=\"https:\/\/www.ddm3.com\/en\/noms-de-domaines\/\" \/>\n<meta property=\"og:locale\" content=\"en_GB\" \/>\n<meta property=\"og:type\" content=\"article\" \/>\n<meta property=\"og:title\" content=\"Noms de domaines - DDM3\" \/>\n<meta property=\"og:description\" content=\"NOMS DE DOMAINES DOMAINES A VENDRE www.location-prapoutel.com www.location-aixlesbains-cure.com www.location-cure-aix-les-bains.com www.location-aixlesbains.com www.location-curiste.com www.appartement-aixlesbains.com www.location-appartement-aixlesbains.com Si un des noms de domaines ci-dessus vous int\u00e9resse, n&rsquo;h\u00e9sitez pas \u00e0 me contacter en utilisant le formulaire ci-dessous. Je reviendrais tr\u00e8s vite vers vous avec une offre de prix. Les domaines \u00e9tant tous d\u00e9pos\u00e9s chez OVH, le transfert est tr\u00e8s rapide. [&hellip;]\" \/>\n<meta property=\"og:url\" content=\"https:\/\/www.ddm3.com\/en\/noms-de-domaines\/\" \/>\n<meta property=\"og:site_name\" content=\"DDM3\" \/>\n<meta property=\"article:modified_time\" content=\"2021-08-27T08:01:50+00:00\" \/>\n<meta name=\"twitter:card\" content=\"summary_large_image\" \/>\n<meta name=\"twitter:label1\" content=\"Estimated reading time\" \/>\n\t<meta name=\"twitter:data1\" content=\"1 minute\" \/>\n<script type=\"application\/ld+json\" class=\"yoast-schema-graph\">{\"@context\":\"https:\\\/\\\/schema.org\",\"@graph\":[{\"@type\":\"WebPage\",\"@id\":\"https:\\\/\\\/www.ddm3.com\\\/noms-de-domaines\\\/\",\"url\":\"https:\\\/\\\/www.ddm3.com\\\/noms-de-domaines\\\/\",\"name\":\"Noms de domaines - DDM3\",\"isPartOf\":{\"@id\":\"https:\\\/\\\/www.ddm3.com\\\/#website\"},\"datePublished\":\"2020-03-18T08:38:10+00:00\",\"dateModified\":\"2021-08-27T08:01:50+00:00\",\"breadcrumb\":{\"@id\":\"https:\\\/\\\/www.ddm3.com\\\/noms-de-domaines\\\/#breadcrumb\"},\"inLanguage\":\"en-GB\",\"potentialAction\":[{\"@type\":\"ReadAction\",\"target\":[\"https:\\\/\\\/www.ddm3.com\\\/noms-de-domaines\\\/\"]}]},{\"@type\":\"BreadcrumbList\",\"@id\":\"https:\\\/\\\/www.ddm3.com\\\/noms-de-domaines\\\/#breadcrumb\",\"itemListElement\":[{\"@type\":\"ListItem\",\"position\":1,\"name\":\"Accueil\",\"item\":\"https:\\\/\\\/www.ddm3.com\\\/\"},{\"@type\":\"ListItem\",\"position\":2,\"name\":\"Noms de domaines\"}]},{\"@type\":\"WebSite\",\"@id\":\"https:\\\/\\\/www.ddm3.com\\\/#website\",\"url\":\"https:\\\/\\\/www.ddm3.com\\\/\",\"name\":\"DDM3\",\"description\":\"Infographie\",\"potentialAction\":[{\"@type\":\"SearchAction\",\"target\":{\"@type\":\"EntryPoint\",\"urlTemplate\":\"https:\\\/\\\/www.ddm3.com\\\/?s={search_term_string}\"},\"query-input\":{\"@type\":\"PropertyValueSpecification\",\"valueRequired\":true,\"valueName\":\"search_term_string\"}}],\"inLanguage\":\"en-GB\"}]}<\/script>\n<!-- \/ Yoast SEO plugin. -->","yoast_head_json":{"title":"Domain Names - DDM3","robots":{"index":"index","follow":"follow","max-snippet":"max-snippet:-1","max-image-preview":"max-image-preview:large","max-video-preview":"max-video-preview:-1"},"canonical":"https:\/\/www.ddm3.com\/en\/noms-de-domaines\/","og_locale":"en_GB","og_type":"article","og_title":"Noms de domaines - DDM3","og_description":"NOMS DE DOMAINES DOMAINES A VENDRE www.location-prapoutel.com www.location-aixlesbains-cure.com www.location-cure-aix-les-bains.com www.location-aixlesbains.com www.location-curiste.com www.appartement-aixlesbains.com www.location-appartement-aixlesbains.com Si un des noms de domaines ci-dessus vous int\u00e9resse, n&rsquo;h\u00e9sitez pas \u00e0 me contacter en utilisant le formulaire ci-dessous. Je reviendrais tr\u00e8s vite vers vous avec une offre de prix. Les domaines \u00e9tant tous d\u00e9pos\u00e9s chez OVH, le transfert est tr\u00e8s rapide. [&hellip;]","og_url":"https:\/\/www.ddm3.com\/en\/noms-de-domaines\/","og_site_name":"DDM3","article_modified_time":"2021-08-27T08:01:50+00:00","twitter_card":"summary_large_image","twitter_misc":{"Estimated reading time":"1 minute"},"schema":{"@context":"https:\/\/schema.org","@graph":[{"@type":"WebPage","@id":"https:\/\/www.ddm3.com\/noms-de-domaines\/","url":"https:\/\/www.ddm3.com\/noms-de-domaines\/","name":"Domain Names - DDM3","isPartOf":{"@id":"https:\/\/www.ddm3.com\/#website"},"datePublished":"2020-03-18T08:38:10+00:00","dateModified":"2021-08-27T08:01:50+00:00","breadcrumb":{"@id":"https:\/\/www.ddm3.com\/noms-de-domaines\/#breadcrumb"},"inLanguage":"en-GB","potentialAction":[{"@type":"ReadAction","target":["https:\/\/www.ddm3.com\/noms-de-domaines\/"]}]},{"@type":"BreadcrumbList","@id":"https:\/\/www.ddm3.com\/noms-de-domaines\/#breadcrumb","itemListElement":[{"@type":"ListItem","position":1,"name":"Accueil","item":"https:\/\/www.ddm3.com\/"},{"@type":"ListItem","position":2,"name":"Noms de domaines"}]},{"@type":"WebSite","@id":"https:\/\/www.ddm3.com\/#website","url":"https:\/\/www.ddm3.com\/","name":"DDM3","description":"Computer graphics","potentialAction":[{"@type":"SearchAction","target":{"@type":"EntryPoint","urlTemplate":"https:\/\/www.ddm3.com\/?s={search_term_string}"},"query-input":{"@type":"PropertyValueSpecification","valueRequired":true,"valueName":"search_term_string"}}],"inLanguage":"en-GB"}]}},"builder_content":"<h2>NOMS DE DOMAINES<\/h2>\n<h3>DOMAINES A VENDRE<\/h3> <ul> <li> <p>www.location-prapoutel.com<\/p> <\/li> <li> <p>www.location-aixlesbains-cure.com<\/p> <\/li> <li> <p>www.location-cure-aix-les-bains.com<\/p> <\/li> <li> <p>www.location-aixlesbains.com<\/p> <\/li> <li> <p>www.location-curiste.com<\/p> <\/li> <li> <p>www.appartement-aixlesbains.com<\/p> <\/li> <li> <p>www.location-appartement-aixlesbains.com<\/p> <\/li> <\/ul> <p>Si un des noms de domaines ci-dessus vous int\u00e9resse, n'h\u00e9sitez pas \u00e0 me contacter en utilisant le formulaire ci-dessous.<\/p> <p>Je reviendrais tr\u00e8s vite vers vous avec une offre de prix. Les domaines \u00e9tant tous d\u00e9pos\u00e9s chez OVH, le transfert est tr\u00e8s rapide. Une facture sera syst\u00e9matiquement \u00e9tablie pour chaque transaction.<\/p> <p>Cordialement.<\/p> <p>Andr\u00e9 Maszewski \/ DDM3<\/p>\n<form id=\"tb_a49m661-form\" method=\"post\" data-post-id=\"0\" data-element-id=\"a49m661\" data-orig-id=\"490\" > <input type=\"hidden\" id=\"bc_nonce\" name=\"bc_nonce\" value=\"cb46b1aa7e\" \/><input type=\"hidden\" name=\"_wp_http_referer\" value=\"\/en\/wp-json\/wp\/v2\/pages\/490\" \/> <label for=\"tb_a49m661-contact-name\"> Nom et pr\u00e9nom * <\/label> <input type=\"text\" name=\"contact-name\" placeholder=\" \" id=\"tb_a49m661-contact-name\" value=\"\" required> Nom et pr\u00e9nom * <label for=\"tb_a49m661-contact-email\"> votre Email * <\/label> <input type=\"email\" name=\"contact-email\" placeholder=\" \" id=\"tb_a49m661-contact-email\" value=\"\" required> votre Email * <label for=\"field_extra_tb_a49m661_0\"> votre t\u00e9l\u00e9phone <input type=\"hidden\" name=\"field_extra_name_0\" value=\"votre t\u00e9l\u00e9phone\"> * <\/label> <input type=\"text\" name=\"field_extra_0\" id=\"field_extra_tb_a49m661_0\" placeholder=\" \" required> votre t\u00e9l\u00e9phone * <label for=\"field_extra_tb_a49m661_1\"> INSCRIVEZ ICI LE NOM DE DOMAINE QUI VOUS INTERESSE <input type=\"hidden\" name=\"field_extra_name_1\" value=\"INSCRIVEZ ICI LE NOM DE DOMAINE QUI VOUS INTERESSE\"> * <\/label> <textarea name=\"field_extra_1\" id=\"field_extra_tb_a49m661_1\" placeholder=\" \" required><\/textarea> INSCRIVEZ ICI LE NOM DE DOMAINE QUI VOUS INTERESSE * \n <label> Captcha * <\/label> \n <button type=\"submit\"> ENVOYER <\/button> <\/form>","_links":{"self":[{"href":"https:\/\/www.ddm3.com\/en\/wp-json\/wp\/v2\/pages\/490","targetHints":{"allow":["GET"]}}],"collection":[{"href":"https:\/\/www.ddm3.com\/en\/wp-json\/wp\/v2\/pages"}],"about":[{"href":"https:\/\/www.ddm3.com\/en\/wp-json\/wp\/v2\/types\/page"}],"author":[{"embeddable":true,"href":"https:\/\/www.ddm3.com\/en\/wp-json\/wp\/v2\/users\/1"}],"replies":[{"embeddable":true,"href":"https:\/\/www.ddm3.com\/en\/wp-json\/wp\/v2\/comments?post=490"}],"version-history":[{"count":5,"href":"https:\/\/www.ddm3.com\/en\/wp-json\/wp\/v2\/pages\/490\/revisions"}],"predecessor-version":[{"id":590,"href":"https:\/\/www.ddm3.com\/en\/wp-json\/wp\/v2\/pages\/490\/revisions\/590"}],"wp:attachment":[{"href":"https:\/\/www.ddm3.com\/en\/wp-json\/wp\/v2\/media?parent=490"}],"curies":[{"name":"wp","href":"https:\/\/api.w.org\/{rel}","templated":true}]}}